{"id":3,"date":"2024-09-09T17:23:03","date_gmt":"2024-09-09T15:23:03","guid":{"rendered":"\/?page_id=3"},"modified":"2024-09-20T17:09:59","modified_gmt":"2024-09-20T15:09:59","slug":"polityka-prywatnosci","status":"publish","type":"page","link":"https:\/\/nagrobki-chinskie.pl\/?page_id=3","title":{"rendered":"Polityka prywatno\u015bci"},"content":{"rendered":"\n<h2 class=\"wp-block-heading\"><strong>Polityka prywatno\u015bci<\/strong><\/h2>\n\n\n\n<p>Zgodnie z art. 13 ust. 1 i ust. 2 Rozporz\u0105dzenia Parlamentu Europejskiego i Rady (UE) 2016 \/ 679 z dn. 27.04.2016 r. w sprawie ochrony os\u00f3b fizycznych w zwi\u0105zku z przetwarzaniem danych osobowych i w sprawie swobodnego przep\u0142ywu takich danych oraz chylenia dyrektywy 95\/46\/WE, Dziennik Urz\u0119dowy UE, L 119\/1 z dn. 4.05.2016 r. Kamieniarstwo Siedlecki s.c. (w dalszej tre\u015bci zwane Kamieniarstwo Siedlecki s.c.) jako Administrator danych osobowych U\u017cytkownika, b\u0119d\u0105cego osob\u0105 fizyczn\u0105 (osoba, kt\u00f3rej dane dotycz\u0105), podaje nast\u0119puj\u0105ce informacje.<\/p>\n\n\n\n<h2 class=\"wp-block-heading\">Postanowienia og\u00f3lne<\/h2>\n\n\n\n<ul class=\"wp-block-list\">\n<li>W\u0142a\u015bcicielem strony internetowej oraz Administratorem danych osobowych na stronie internetowej www.nagrobki-chinskie.pl jest firma\u00a0<strong>Kamieniarstwo Siedlecki s.c., 46-250 Wo\u0142czyn, ul. Szymonowska 8, NIP: 7511773043 REGON: 161565600<\/strong><\/li>\n\n\n\n<li>Dane osobowe Us\u0142ugobiorcy s\u0105 przetwarzane zgodnie z ustaw\u0105 o ochronie danych osobowych z dnia 29 sierpnia 1997 r. (Dz. U. Nr 133, poz. 883 ze zm.) oraz ustaw\u0105 o \u015bwiadczeniu us\u0142ug drog\u0105 elektroniczn\u0105 z dnia 18 lipca 2002 r. (Dz. U. Nr 144, poz. 1204 ze zm.).<\/li>\n\n\n\n<li>Administrator dok\u0142ada szczeg\u00f3lnej staranno\u015bci w celu ochrony interes\u00f3w os\u00f3b, kt\u00f3rych dane dotycz\u0105, a w szczeg\u00f3lno\u015bci zapewnia, \u017ce zbierane przez niego dane s\u0105 przetwarzane zgodnie z prawem.<\/li>\n<\/ul>\n\n\n\n<h2 class=\"wp-block-heading\">Cel i zakres zbierania danych<\/h2>\n\n\n\n<ul class=\"wp-block-list\">\n<li>Celem przetwarzania danych osobowych jest realizacja zam\u00f3wienia internetowego oraz kontakt w ramach opieki posprzeda\u017cowej dotycz\u0105cy: reklamacji, obs\u0142ugi zwrot\u00f3w, przyj\u0119cia odst\u0105pienia od umowy oraz korzystania z rabat\u00f3w przypisanych do konta klienta i promocji.<\/li>\n\n\n\n<li>Warunkiem realizacji zam\u00f3wienia z\u0142o\u017conego przez stron\u0119 www.nagrobki-chinskie.pl jest akceptacja warunk\u00f3w REGULAMINU i \u015bwiadome udzielenie zgody na przetwarzanie danych osobowych.<\/li>\n\n\n\n<li>W trakcie rejestracji Konta U\u017cytkownika, U\u017cytkownik ustala samodzielnie has\u0142o dost\u0119pu do Konta U\u017cytkownika w Sklepie Internetowym oraz podaje nast\u0119puj\u0105ce dane:<br>\u2013 Imi\u0119 i nazwisko,<br>\u2013 Adres e-mail,<br>\u2013 Numer telefonu,<br>\u2013 NIP (w przypadku rejestracji firmy),<br>\u2013 Nazwa firmy,<br>\u2013 Adres do wysy\u0142ki i faktury,<\/li>\n\n\n\n<li>Powy\u017csze dane mog\u0105 by\u0107 zmieniane samodzielnie przez U\u017cytkownika po zalogowaniu si\u0119 do Konta U\u017cytkownika lub poprzez kontakt z Kamieniarstwo Siedlecki s.c..<\/li>\n\n\n\n<li>Przys\u0142uguje Pa\u0144stwu, w odniesieniu do Pa\u0144stwa danych osobowych, prawo do kontroli przetwarzania danych, kt\u00f3re jej dotycz\u0105, zawartych w zbiorze danych Administratora, a zw\u0142aszcza prawo do \u017c\u0105dania uzupe\u0142nienia, uaktualnienia, sprostowania danych osobowych, czasowego lub sta\u0142ego wstrzymania ich przetwarzania lub ich usuni\u0119cia, je\u017celi s\u0105 one niekompletne, nieaktualne, nieprawdziwe lub zosta\u0142y zebrane z naruszeniem ustawy albo s\u0105 ju\u017c zb\u0119dne do realizacji celu, dla kt\u00f3rego zosta\u0142y zebrane.<\/li>\n\n\n\n<li>W zwi\u0105zku z przetwarzaniem danych osobowych powy\u017csze dane osobowe s\u0105 przekazywane do firmy obs\u0142uguj\u0105cej nasze serwery na podstawie umowy powierzenia danych osobowych:\u00a0<strong>DHosting.pl<\/strong>\u00a0oraz firmie wsp\u00f3\u0142pracuj\u0105cej w zakresie rozwoju programu oraz przygotowywania szablon\u00f3w graficznych sklep\u00f3w (w przypadku zlece\u0144 indywidualnych modyfikacji i projekt\u00f3w graficznych wykonywanych przez t\u0105 firm\u0119 jako podwykonawca)\u00a0<strong>Studio JMK Juliusz Krysiak<\/strong>.<\/li>\n\n\n\n<li>Dane powy\u017csze nie s\u0105 przekazywane innym osobom trzecim, jednak mog\u0105 zosta\u0107 ujawnione na wniosek i \u017c\u0105danie uprawnionych organ\u00f3w, np. policji, prokuratury, s\u0105du.<\/li>\n\n\n\n<li>Dane osobowe b\u0119d\u0105 przetwarzane do odwo\u0142ania zgody a po takim odwo\u0142aniu przez okres przedawnienia roszcze\u0144 przys\u0142uguj\u0105cych administratorowi danych i w stosunku do niego.<\/li>\n<\/ul>\n\n\n\n<h2 class=\"wp-block-heading\">Pliki cookies<\/h2>\n\n\n\n<ul class=\"wp-block-list\">\n<li>Strona internetowa www.nagrobki-chinskie.pl wykorzystuje ciasteczka, kt\u00f3re s\u0142u\u017c\u0105 identyfikacji u\u017cytkownika. Brak zmiany po stronie U\u017cytkownika ustawie\u0144 przegl\u0105darki jest r\u00f3wnoznaczny z wyra\u017ceniem zgody na ich u\u017cycie.<\/li>\n\n\n\n<li>Instalacja plik\u00f3w \u201ecookies\u201d jest konieczna do prawid\u0142owego \u015bwiadczenia us\u0142ug na Stronie internetowej. W plikach \u201ecookies\u201d znajduj\u0105 si\u0119 informacje niezb\u0119dne do prawid\u0142owego funkcjonowania Strony Internetowej, w szczeg\u00f3lno\u015bci tych wymagaj\u0105cych autoryzacji.<\/li>\n\n\n\n<li>W ramach Strony Internetowej stosowane s\u0105 pliki Cookies sesyjne. S\u0105 one plikami tymczasowymi, kt\u00f3re przechowywane s\u0105 w urz\u0105dzeniu ko\u0144cowym Us\u0142ugobiorcy do czasu wylogowania (opuszczenia Strony) lub zamkni\u0119cia przegl\u0105darki internetowej.<\/li>\n\n\n\n<li>U\u017cytkownik ma prawo zadecydowania w zakresie dost\u0119pu plik\u00f3w \u201ecookies\u201d do swojego komputera poprzez ich uprzedni wyb\u00f3r w oknie swojej przegl\u0105darki. Szczeg\u00f3\u0142owe informacje o mo\u017cliwo\u015bci i sposobach obs\u0142ugi plik\u00f3w \u201ecookies\u201d dost\u0119pne s\u0105 w ustawieniach oprogramowania (przegl\u0105darki internetowej).<\/li>\n\n\n\n<li>Strona internetowa zawiera linki i odno\u015bniki do innych stron internetowych. Strona Internetowa nie ponosi odpowiedzialno\u015bci za zasady ochrony prywatno\u015bci na nich obowi\u0105zuj\u0105ce. Z tego powodu zach\u0119camy Pa\u0144stwa, by po przej\u015bciu za po\u015brednictwem Strony internetowej na stron\u0119 zarz\u0105dzan\u0105 przez innego administratora, zapozna\u0107 si\u0119 z polityk\u0105 prywatno\u015bci tam przyj\u0119t\u0105.<\/li>\n<\/ul>\n\n\n\n<h2 class=\"wp-block-heading\">Zabezpieczenia<\/h2>\n\n\n\n<ul class=\"wp-block-list\">\n<li>Strona internetowa stosuje zabezpieczenia zapewniaj\u0105ce ochron\u0119 danych przed utrat\u0105, niew\u0142a\u015bciwym wykorzystaniem i modyfikacj\u0105. Sklep Internetowy zobowi\u0105zuje si\u0119 chroni\u0107 wszelkie Pa\u0144stwa dane zgodnie z normami ochrony bezpiecze\u0144stwa i zachowania poufno\u015bci.<\/li>\n\n\n\n<li>Dane osobowe na Stronie internetowej s\u0105 chronione zgodnie z obowi\u0105zuj\u0105cymi Ustawami w spos\u00f3b uniemo\u017cliwiaj\u0105cy dost\u0119p do nich os\u00f3b trzecich.<\/li>\n\n\n\n<li>Strony internetowe Sklepu Internetowego zabezpieczone s\u0105 certyfikatem SLL, a komunikacja jest szyfrowana.<\/li>\n\n\n\n<li>Strona internetowa nigdy nie wysy\u0142a \u017cadnej korespondencji, w tym korespondencji elektronicznej, z pro\u015bb\u0105 o podanie danych do logowania, a w szczeg\u00f3lno\u015bci has\u0142a dost\u0119powego do Konta U\u017cytkownika. Informacje takie nie s\u0105 r\u00f3wnie\u017c udost\u0119pniane drog\u0105 telefoniczn\u0105.<\/li>\n<\/ul>\n\n\n\n<h2 class=\"wp-block-heading\">Postanowienia ko\u0144cowe<\/h2>\n\n\n\n<p>W sprawach nieuregulowanych niniejsz\u0105 Polityk\u0105 Prywatno\u015bci stosuje si\u0119 odpowiednio postanowienia Regulaminu Strony internetowej oraz inne w\u0142a\u015bciwe przepisy prawa polskiego<\/p>\n\n\n\n<p>Administrator wyznaczy\u0142 Inspektora Ochrony Danych, z kt\u00f3rym mo\u017cna si\u0119 kontaktowa\u0107 pisemnie, za pomoc\u0105 poczty tradycyjnej na adres: Kamieniarstwo Siedlecki s.c. 46-250 Wo\u0142czyn, ul. Szymonowska 8 lub email: kontakt@KamieniarstwoSiedlecki.pl<\/p>\n\n\n\n<p>W przypadku jakichkolwiek pyta\u0144 i w\u0105tpliwo\u015bci odno\u015bnie ochrony danych osobowych prosimy o kontakt z biurem w\u0142a\u015bciciela pod adresem e-mail: kontakt@kamieniarstwoSiedlecki.pl<\/p>\n","protected":false},"excerpt":{"rendered":"<p>Polityka prywatno\u015bci Zgodnie z art. 13 ust. 1 i ust. 2 Rozporz\u0105dzenia Parlamentu Europejskiego i Rady (UE) 2016 \/ 679 z dn. 27.04.2016 r. w sprawie ochrony os\u00f3b fizycznych w zwi\u0105zku z przetwarzaniem danych osobowych i w sprawie swobodnego przep\u0142ywu takich danych oraz chylenia dyrektywy 95\/46\/WE, Dziennik Urz\u0119dowy UE, L 119\/1 z dn. 4.05.2016 r&#8230;.<\/p>\n","protected":false},"author":1,"featured_media":0,"parent":0,"menu_order":0,"comment_status":"closed","ping_status":"open","template":"","meta":{"_kadence_starter_templates_imported_post":false,"_kad_post_transparent":"","_kad_post_title":"","_kad_post_layout":"","_kad_post_sidebar_id":"","_kad_post_content_style":"","_kad_post_vertical_padding":"","_kad_post_feature":"","_kad_post_feature_position":"","_kad_post_header":false,"_kad_post_footer":false,"footnotes":""},"class_list":["post-3","page","type-page","status-publish","hentry"],"_links":{"self":[{"href":"https:\/\/nagrobki-chinskie.pl\/index.php?rest_route=\/wp\/v2\/pages\/3"}],"collection":[{"href":"https:\/\/nagrobki-chinskie.pl\/index.php?rest_route=\/wp\/v2\/pages"}],"about":[{"href":"https:\/\/nagrobki-chinskie.pl\/index.php?rest_route=\/wp\/v2\/types\/page"}],"author":[{"embeddable":true,"href":"https:\/\/nagrobki-chinskie.pl\/index.php?rest_route=\/wp\/v2\/users\/1"}],"replies":[{"embeddable":true,"href":"https:\/\/nagrobki-chinskie.pl\/index.php?rest_route=%2Fwp%2Fv2%2Fcomments&post=3"}],"version-history":[{"count":1,"href":"https:\/\/nagrobki-chinskie.pl\/index.php?rest_route=\/wp\/v2\/pages\/3\/revisions"}],"predecessor-version":[{"id":1599,"href":"https:\/\/nagrobki-chinskie.pl\/index.php?rest_route=\/wp\/v2\/pages\/3\/revisions\/1599"}],"wp:attachment":[{"href":"https:\/\/nagrobki-chinskie.pl\/index.php?rest_route=%2Fwp%2Fv2%2Fmedia&parent=3"}],"curies":[{"name":"wp","href":"https:\/\/api.w.org\/{rel}","templated":true}]}}